{"id":532,"date":"2018-03-07T17:14:38","date_gmt":"2018-03-07T17:14:38","guid":{"rendered":"http:\/\/www.thejoshuatree.it\/?page_id=532"},"modified":"2018-03-07T21:01:19","modified_gmt":"2018-03-07T21:01:19","slug":"cookie-policy","status":"publish","type":"page","link":"https:\/\/www.thejoshuatree.it\/index.php\/cookie-policy\/","title":{"rendered":"Cookie Policy"},"content":{"rendered":"<div style=\"text-align: justify;\">\n<p class=\"p1\" style=\"text-align: center;\"><a href=\"http:\/\/www.thejoshuatree.it\" target=\"_blank\">The Joshua Tree<\/a> Cookie Policy<\/p>\n<p class=\"p1\"><strong>Cookie Policy<\/strong><\/p>\n<p class=\"p1\">Come sono utilizzati i cookies da parte di The Joshua Tree<\/p>\n<p class=\"p1\"><strong>Cosa sono i cookies e a cosa servono:<\/strong><\/p>\n<p class=\"p1\">I cookies sono informazioni che possono essere salvate sul tuo dispositivo (computer o smartphone) quando navighi su Internet. Grazie ai cookies, il server invia informazioni ogni volta che ritornerai su questo sito per consentirti una navigazione ottimale.<\/p>\n<p class=\"p1\">Quali cookies utilizziamo:<\/p>\n<p class=\"p1\"><strong>COOKIES STRETTAMENTE NECESSARI O TECNICI<\/strong><\/p>\n<p class=\"p1\">Sono fondamentali per navigare all\u2019interno di tutti i siti del gruppo e utilizzarne tutte le funzionalit\u00e0 e sono strettamente legati alla tecnologia utilizzata per la realizzazione del sito web stesso. Senza questi cookies non sarebbe possibile fornire i servizi richiesti. Questi cookies non sono usati per finalit\u00e0 di natura commerciale o di tracciamento.<\/p>\n<p class=\"p1\"><strong>COOKIES DI TERZE PARTI<\/strong><\/p>\n<p class=\"p1\">Questi cookies vengono impostati da un sito diverso dal quello che stai visitando (cosiddetto di terze parti). I cookie utilizzati, ad esempio, per raccogliere informazioni a fini pubblicitari e di personalizzazione dei contenuti, oltre che per elaborare statistiche Web, possono essere \u201ccookie di terze parti\u201d. Questi consentono di ottenere sondaggi pi\u00f9 completi delle abitudini di esplorazione degli utenti e si ritiene che siano pi\u00f9 sensibili dal punto di vista dell\u2019integrit\u00e0. Per questo motivo, la maggior parte dei browser Web permette di modificare le impostazioni in modo che tali cookie non vengano accettati. (Maggiori informazioni <a href=\"http:\/\/www.youronlinechoices.com\/it\/\" target=\"_blank\">Your Online Choices<\/a><\/p>\n<p class=\"p1\">L\u2019utente pu\u00f2 decidere se accettare o meno i cookies anche utilizzando le impostazioni del proprio browser. La disabilitazione dei cookies di \u201cterze parti\u201d pregiudica la navigabilit\u00e0 del sito in quanto, ad esempio, impedisce la visualizzazione delle mappe di google e dei video di youtube.<\/p>\n<p class=\"p1\">L\u2019impostazione pu\u00f2 essere definita in modo specifico per i diversi siti e applicazioni web. Inoltre i migliori browser consentono di definire impostazioni diverse per i cookies \u201cproprietari\u201d e per quelli di \u201cterze parti\u201d.<\/p>\n<p class=\"p1\">A titolo di esempio, in Firefox, attraverso il menu Strumenti &gt; Opzioni &gt; Privacy, \u00e8 possibile accedere ad un pannello di controllo dove \u00e8 possibile definire se accettare o meno i diversi tipi di cookie e procedere alla loro rimozione.<\/p>\n<p class=\"p1\">In alcuni casi il nostro sito pu\u00f2 reindirizzare l\u2019utente ad un altro sito web di terze parti, come nel caso del bottone \u201cFacebook\u201d inserito in basso, nel Footer. Quest\u2019ultimo reindirizza l\u2019utente alla pagina Facebook di The Joshua Tree. Facebook potrebbe installare cookie sul browser dell\u2019utente. Per maggiori informazioni sui cookies utilizzati da Facebook <a href=\"https:\/\/it-it.facebook.com\/policies\/cookies\/\" target=\"_blank\">clicca qui<\/a><\/p>\n<p>&nbsp;<\/p>\n<p class=\"p1\">Per informazioni su come modificare le impostazioni dei cookies ecco l\u2019elenco dei maggiori browser qui sotto:<\/p>\n<p><a href=\"https:\/\/support.microsoft.com\/it-it\/help\/17442\/windows-internet-explorer-delete-manage-cookies\" target=\"_blank\">Internet Explorer<\/a><\/p>\n<p><a href=\"https:\/\/support.google.com\/accounts\/answer\/61416?co=GENIE.Platform%3DDesktop&amp;hl=it\" target=\"_blank\">Google Chrome<\/a><\/p>\n<p><a href=\"https:\/\/support.mozilla.org\/it\/kb\/Attivare%20e%20disattivare%20i%20cookie\" target=\"_blank\">Mozilla Firefox<\/a><\/p>\n<p><a href=\"https:\/\/support.apple.com\/it-it\/guide\/safari\/sfri11471\/mac\" target=\"_blank\">Apple Safari Desktop<\/a><\/p>\n<p><a href=\"https:\/\/support.apple.com\/it-it\/HT201265\" target=\"_blank\">Apple Safari su iOS<\/a><\/p>\n<p class=\"p1\">Ti ricordiamo che se disattivi i cookies, potresti disabilitare alcune funzionalit\u00e0 del sito. Anche con tutti i cookies disabilitati, il tuo browser continuer\u00e0 a memorizzare una piccola quantit\u00e0 di informazioni, necessarie per le funzionalit\u00e0 di base del sito.<\/p>\n<p>&nbsp;<\/p>\n<p class=\"p1\">Per il documento ufficiale su \u2018Informativa e consenso per l\u2019uso dei cookie\u2019 <a href=\"http:\/\/www.garanteprivacy.it\/web\/guest\/home\/docweb\/-\/docweb-display\/docweb\/3585077\" target=\"_blank\">clicca qui<\/a><\/p>\n<p>&nbsp;<\/p>\n<\/div>\n","protected":false},"excerpt":{"rendered":"<p>The Joshua Tree Cookie Policy Cookie Policy Come sono utilizzati i cookies da parte di The Joshua Tree Cosa sono i cookies e a cosa servono: I cookies sono informazioni che possono essere salvate sul tuo dispositivo (computer o smartphone) quando navighi su Internet. Grazie ai cookies, il server invia informazioni ogni volta che ritornerai [&hellip;]<\/p>\n","protected":false},"author":1,"featured_media":0,"parent":0,"menu_order":0,"comment_status":"closed","ping_status":"closed","template":"page-full-width.php","meta":{"footnotes":""},"class_list":["post-532","page","type-page","status-publish","hentry"],"_links":{"self":[{"href":"https:\/\/www.thejoshuatree.it\/index.php\/wp-json\/wp\/v2\/pages\/532","targetHints":{"allow":["GET"]}}],"collection":[{"href":"https:\/\/www.thejoshuatree.it\/index.php\/wp-json\/wp\/v2\/pages"}],"about":[{"href":"https:\/\/www.thejoshuatree.it\/index.php\/wp-json\/wp\/v2\/types\/page"}],"author":[{"embeddable":true,"href":"https:\/\/www.thejoshuatree.it\/index.php\/wp-json\/wp\/v2\/users\/1"}],"replies":[{"embeddable":true,"href":"https:\/\/www.thejoshuatree.it\/index.php\/wp-json\/wp\/v2\/comments?post=532"}],"version-history":[{"count":3,"href":"https:\/\/www.thejoshuatree.it\/index.php\/wp-json\/wp\/v2\/pages\/532\/revisions"}],"predecessor-version":[{"id":536,"href":"https:\/\/www.thejoshuatree.it\/index.php\/wp-json\/wp\/v2\/pages\/532\/revisions\/536"}],"wp:attachment":[{"href":"https:\/\/www.thejoshuatree.it\/index.php\/wp-json\/wp\/v2\/media?parent=532"}],"curies":[{"name":"wp","href":"https:\/\/api.w.org\/{rel}","templated":true}]}}