{"id":58,"date":"2015-02-12T21:53:30","date_gmt":"2015-02-12T21:53:30","guid":{"rendered":"http:\/\/www.thejoshuatree.it\/?page_id=58"},"modified":"2017-05-30T17:49:32","modified_gmt":"2017-05-30T17:49:32","slug":"il-concerto","status":"publish","type":"page","link":"https:\/\/www.thejoshuatree.it\/index.php\/il-concerto\/","title":{"rendered":"Il concerto"},"content":{"rendered":"<p><img loading=\"lazy\" decoding=\"async\" class=\"alignnone size-full wp-image-71 ml-lightbox-enabled\" src=\"http:\/\/www.thejoshuatree.it\/wp-content\/uploads\/2015\/02\/home.jpg\" alt=\"home\" width=\"2083\" height=\"1464\" \/><\/p>\n<p style=\"text-align: justify;\"><span style=\"color: #ffffff;\">Durante il concerto, su un grande schermo vengono proiettate immagini virtuali, filmati e immagini degli U2 a tema rispetto ai brani proposti, mentre tre telecamere riprendono lo spettacolo in corso. Il tutto \u00e8 gestito da pi\u00fa tecnici professionisti.<\/span><\/p>\n<blockquote>\n<p style=\"text-align: center; margin-bottom: 0px;\"><span style=\"color: #ffffff;\">Il nostro spettacolo tenta di riprodurre, quanto pi\u00f9 possibile musicalmente e coreograficamente, un concerto degli U2.<\/span><br \/>\n<!--<span style=\"color: #ffffff;\"> (Vertigo Tour e il nuovo 360\u00b0 tour).<\/span><\/p>\n\n-->\n<\/p><\/blockquote>\n<p style=\"text-align: justify;\"><span style=\"color: #ffffff;\">Ci proponiamo di portare avanti gli importanti messaggi di solidariet\u00e0 (Amnesty International, ONE, RED) che con la loro musica la rock band irlandese ha trasmesso e continua a trasmettere, a tutto il mondo.<\/span><\/p>\n","protected":false},"excerpt":{"rendered":"<p>Durante il concerto, su un grande schermo vengono proiettate immagini virtuali, filmati e immagini degli U2 a tema rispetto ai brani proposti, mentre tre telecamere riprendono lo spettacolo in corso. Il tutto \u00e8 gestito da pi\u00fa tecnici professionisti. Il nostro spettacolo tenta di riprodurre, quanto pi\u00f9 possibile musicalmente e coreograficamente, un concerto degli U2. Ci [&hellip;]<\/p>\n","protected":false},"author":1,"featured_media":112,"parent":0,"menu_order":0,"comment_status":"closed","ping_status":"closed","template":"page-full-width.php","meta":{"footnotes":""},"class_list":["post-58","page","type-page","status-publish","has-post-thumbnail","hentry"],"_links":{"self":[{"href":"https:\/\/www.thejoshuatree.it\/index.php\/wp-json\/wp\/v2\/pages\/58","targetHints":{"allow":["GET"]}}],"collection":[{"href":"https:\/\/www.thejoshuatree.it\/index.php\/wp-json\/wp\/v2\/pages"}],"about":[{"href":"https:\/\/www.thejoshuatree.it\/index.php\/wp-json\/wp\/v2\/types\/page"}],"author":[{"embeddable":true,"href":"https:\/\/www.thejoshuatree.it\/index.php\/wp-json\/wp\/v2\/users\/1"}],"replies":[{"embeddable":true,"href":"https:\/\/www.thejoshuatree.it\/index.php\/wp-json\/wp\/v2\/comments?post=58"}],"version-history":[{"count":15,"href":"https:\/\/www.thejoshuatree.it\/index.php\/wp-json\/wp\/v2\/pages\/58\/revisions"}],"predecessor-version":[{"id":528,"href":"https:\/\/www.thejoshuatree.it\/index.php\/wp-json\/wp\/v2\/pages\/58\/revisions\/528"}],"wp:featuredmedia":[{"embeddable":true,"href":"https:\/\/www.thejoshuatree.it\/index.php\/wp-json\/wp\/v2\/media\/112"}],"wp:attachment":[{"href":"https:\/\/www.thejoshuatree.it\/index.php\/wp-json\/wp\/v2\/media?parent=58"}],"curies":[{"name":"wp","href":"https:\/\/api.w.org\/{rel}","templated":true}]}}